{"id":8,"date":"2018-01-07T13:27:52","date_gmt":"2018-01-07T13:27:52","guid":{"rendered":"http:\/\/liceobr.com\/sb\/?page_id=8"},"modified":"2018-04-25T22:15:40","modified_gmt":"2018-04-26T01:15:40","slug":"sobre","status":"publish","type":"page","link":"https:\/\/liceobr.com\/sb\/?page_id=8","title":{"rendered":"Quem somos"},"content":{"rendered":"<p>Para nos conhecermos melhor precisamos organizar os dados de cada um. a lista tem alguns telefones que n\u00e3o sei quem s\u00e3o depois tem o meu exemplo<br \/>\n<a name=\"a\"><\/a><\/p>\n<table border=\"1\" width=\"100%\" cellspacing=\"1\" cellpadding=\"1\">\n<tbody>\n<tr>\n<td>Adelar Appelt<br \/>\nAdemar Andolhe<br \/>\n<a href=\"#6\"> Adir de Carli<\/a><br \/>\nAlceu Balestrin<br \/>\nAlmiro da Silva<br \/>\nAnt\u00f4nio Begnini<br \/>\nArlete Maria Silveira<br \/>\n<a href=\"#7\">Baltazar Carboni Cremonese<br \/>\n<\/a>Bea<br \/>\nDirceu de Castro<br \/>\n<a href=\"#2\">Dirceu Roque Kolling<\/a><br \/>\n<a href=\"#3\">Eucl\u00e9sio Fassini<\/a><br \/>\nEstanislau Cremonese<br \/>\nIldo Frolich<br \/>\nIvete Hermann<br \/>\nEvaristo Schwaab<br \/>\nJanete Frozza<\/td>\n<td>Jara Silveira<br \/>\n<a href=\"#4\">Jos\u00e9 Pedro Petry<\/a><br \/>\nLeoclides Dalla Nora<br \/>\n<a href=\"#0\">Liceo Piovesan<\/a><br \/>\nLot\u00e1rio<br \/>\nMadalena Andreatta<br \/>\nMaria Andreatta<br \/>\n<a href=\"#5\">Mario da Silva Oliveira<\/a><br \/>\nMarlene Karlinki<br \/>\nMoacir<br \/>\n<a href=\"#1\">Nilton Diniz Correa<\/a><br \/>\nOlivio Tonelo<br \/>\nOrestes Lima<br \/>\nPaulo Melo<\/td>\n<td>Paulo Eitelwein<br \/>\nRosalina Sueli Mosquer<br \/>\nTadeu Piovesan<br \/>\nValdir Lucca<br \/>\nValentin Diniz Correa<br \/>\nVera de Moura<br \/>\nVilson Zanatta<br \/>\nWaldez Thorstenberg<br \/>\n54 991833199<br \/>\n55 981172625<br \/>\n55 999256841<\/td>\n<\/tr>\n<\/tbody>\n<\/table>\n<p>Mais ou menos desta forma: Exemplo<\/p>\n<p><a name=\"0\"><\/a><\/p>\n<p><a href=\"#a\">voltar<\/a><\/p>\n<p><strong>Liceo Piovesan<\/strong>, no Braga de 1965 a 1969 depois em Palmeira, Santa Izabel e de volta em 1973 fazendo o noviciado.<\/p>\n<div id=\"attachment_60\" style=\"width: 410px\" class=\"wp-caption alignnone\"><a href=\"http:\/\/liceobr.com\/sb\/wp-content\/uploads\/2018\/01\/natal.jpg\"><img loading=\"lazy\" decoding=\"async\" aria-describedby=\"caption-attachment-60\" class=\"wp-image-60\" src=\"http:\/\/liceobr.com\/sb\/wp-content\/uploads\/2018\/01\/natal.jpg\" alt=\"\" width=\"400\" height=\"266\" \/><\/a><p id=\"caption-attachment-60\" class=\"wp-caption-text\">Casado com Ana Catia Gouvea Costa agora Piovesan, filhos Lic\u00e9ia, Luciana, Lucas e Larissa. Na foto \u00e0 Esquerda a nora e a direita o genro, de blusa azul claro a sogra.<\/p><\/div>\n<p>Moro atualmente em S\u00e3o Leopoldo e trabalho(??) na Faccat em Taquara.<br \/>\nBi\u00f3logo, Jornalista e Mestre em Educa\u00e7\u00e3o.<br \/>\nGrandes feitos: Fundador da R\u00e1dio e da TV Unisinos e da TV Cultura em Montenegro.<\/p>\n<p>Atualmente aposentado e trabalhando apenas naquilo que gosto. Pesquiso o uso de energias alternativas, em especial a fotovoltaica para usos alternativos, Desenvolvi um kit hibrido, fotovoltaico e e\u00f3lico para pescaria, assim quando falta sol no acampamento \u00e9 porque tem chuva ou vento assim n\u00e3o falta energia nunca, gosto de acampar, mas com conforto.<\/p>\n<p>Agora tamb\u00e9m vov\u00f4 do Jo\u00e3o Vicente desde dia 18\/04<\/p>\n<p>Se quiserem acrescentar mais dados relevantes fa\u00e7am, precisamos nos conhecer melhor.\u00a0Sugiro que me enviem por e-mail para<strong> liceo@liceobr.com<\/strong> as informa\u00e7\u00f5es para que eu possa possa organizar de forma did\u00e1tica e postar aqui. Eh!\u00a0Eh! j\u00e1 descobriram que sou professor&#8230;<\/p>\n<p><a name=\"2\"><\/a><\/p>\n<p><a href=\"#a\">voltar<\/a><\/p>\n<p>Dirceu Roque Koling<\/p>\n<p>Dirceu Roque Koling, Dia 17 de dezembro fez 40 anos que convivo com dona L\u00e9a. Dessa feliz uni\u00e3o surgiram tr\u00eas filhas: Patricia , Raquel e Genaina , dois netos e uma neta. Sou um pai e vo muito orgulhoso. O M\u00e1rio e meu querido cunhado, se apossou da minha irm\u00e3. Minhas tr\u00eas filhas eram colegas professoras na mesma escola.<\/p>\n<p><a name=\"1\"><\/a><\/p>\n<p><a href=\"#a\">voltar<\/a><\/p>\n<p>Nilton Diniz Corr\u00eaa<\/p>\n<p>Nilton Diniz Corr\u00eaa, irm\u00e3o do Valentim. Os saltadores dos Jores: Jogos Regionais Estudantis. Valentim ganhou o primeiro ano e eu o segundo. Moro em POA, Bairro MDeus. Sou aposentado h\u00e1 20 anos, mas nunca parei de trabalhar. Sou psic\u00f3logo cl\u00ednico, com cons no Menino Deus. O que fiz? Quase fui padre. Tive votos de pobreza, obedi\u00eancia e castidade durante 7 ou 8 anos. Observava s\u00f3 o primeiro, por que este era o que de fato eu era. Sempre fui bastante realista e aos fatos.<\/p>\n<p><a href=\"http:\/\/liceobr.com\/sb\/wp-content\/uploads\/2018\/01\/nilton.jpg\"><img loading=\"lazy\" decoding=\"async\" class=\"wp-image-86\" src=\"http:\/\/liceobr.com\/sb\/wp-content\/uploads\/2018\/01\/nilton.jpg\" alt=\"\" width=\"300\" height=\"169\" \/><\/a><\/p>\n<p>Fiz Filosofia, quase terminei Teologia, me formei e me especializei em Psicologia Cl\u00ednica, \u00e1rea que ainda atuo. Sou aposentado a 20 anos. Trabalhei na Penitenci\u00e1ria de Canoas, onde fui monitor, professor, psic\u00f3logo, crimin\u00f3logo diretor de Pres\u00eddio. Sou casado, com a mesma mulher h\u00e1 32 anos e, pasmem, casaria de novo com ela se fosse o caso. Tenho um casal de filhos maravilhosos. O mais velho engenheiro qu\u00edmico e m\u00fasico. A filha seguiu o pai, vai se formar em Psicologia. Por hoje deu, n\u00e9? Mas gostaria sim, de saber mais da hist\u00f3ria de vida dos queridos(as) amigos(as).<\/p>\n<p><a name=\"3\"><\/a><\/p>\n<p><a href=\"#a\">Voltar<\/a><\/p>\n<p><strong>Eucl\u00e9sio Fassini<\/strong>,<\/p>\n<p>Euclesio Fassini: Chegou minha vez de ajoelhar nesse confession\u00e1rio&#8230;Estou casado com a Ivone ha 38 anos e como diz o Nilton casaria novamente, infelizmente achei a pessoa certa temos 2 filhos machos, acabo de virar vov\u00f4, o mais velho faz educa\u00e7\u00e3o f\u00edsica em Canoas o outro mora em Ponta Grossa-PR faz engenharia el\u00e9trica trabalha com meu irm\u00e3o. Sou quase padre, quase analista de sistemas, quase engenheiro agr\u00edcola, e quase bi\u00f3logo, s\u00f3 no casamento sou constante&#8230;.por 10 anos fui vendedor da Sadia 10 anos como empres\u00e1rio de Pet shop com agropecu\u00e1ria, mas depois de 6 assaltos, tiros, roubos dos clientes vendi o estabelecimento e fui trabalhar com o primo Leonildo, uma fabrica e importadora de engrenagens e correntes transportadoras, onde estou a 10 anos esperando a aposentadoria&#8230;<\/p>\n<p><a name=\"4\"><\/a><\/p>\n<p><a href=\"#a\">Voltar<\/a><\/p>\n<p><strong>Jose pedro Petry<\/strong>,<\/p>\n<p>Jos\u00e9 Pedro Petry: Hoje dia 14. A dona Celita e eu estamos fazendo 40 anos de casamento.<br \/>\nTr\u00eas filhos Bi\u00f3loga engenheira ambiental, Farmac\u00eautica e o filhote advogado Mora em Porto Alegre, Moinhos de vento<\/p>\n<p><a name=\"5\"><\/a><\/p>\n<p><a href=\"#a\">Voltar<\/a><\/p>\n<p><strong>Mario da Silva Oliveira<\/strong>,<\/p>\n<p>Mario da Silva Oliveira<br \/>\nPor falar em casamento, hoje dia 14,\u00a0eu e a minha amada mulher, completando 40 anos de feliz enlace matrimonial.<br \/>\nGRA\u00c7AS a Deus que nos uniu. Tr\u00eas filhas e quatro netos.<\/p>\n<p><a name=\"6\"><\/a><\/p>\n<p><a href=\"#a\">Voltar<\/a><\/p>\n<p><strong>Adir De Carli<\/strong>,<\/p>\n<p>Adir De Carli<br \/>\nNascido em Tenente Portela, aos 11 anos, em 1968, fui para o semin\u00e1rio onde me formei em 1972. Fui a Palmeiras mas n\u00e3o fiquei. Ent\u00e3o fiz tec. Agropecu\u00e1ria em Frederico Westphalen. Trabalhei na Cotrijui em Santo Augusto e depois fui ao Paran\u00e1. Trabalhei na Souza Cruz por alguns anos e em 1979, na cidade de Capit\u00e3o Le\u00f4nidas Marques, me casei com Marli. Sai do PR em 1981 pra me aventurar no MT. Sou um dos fundadores do munic\u00edpio de Campo Novo Dos Parecis. Adquiri uma \u00e1rea boa de terra mas n\u00e3o tive \u00eaxito. Temos tr\u00eas filhos, um mora nos EUA e os outros aqui no MT. Ainda n\u00e3o tenho neto, mas t\u00e1 chegando em junho. Atualmente estou separado e moro em S\u00e3o Jos\u00e9 do Rio Claro MT, onde trabalho como t\u00e9cnico executor na empresa AEROAGRICOLA RIO CLARO. Ainda n\u00e3o estou aposentado, e como diz o linguajar do ga\u00facho &#8221; N\u00e3o t\u00e1 morto quem peleia&#8221;.<\/p>\n<p><a name=\"7\"><\/a><\/p>\n<p><a href=\"#a\">Voltar<\/a><\/p>\n<p><b>Baltazar Cremonese<\/b><\/p>\n<p>Da classe de 53, no Braga de 1965 a 1969 depois em Palmeira, Santa Izabel e de volta em 1973 fazendo o noviciado, ao final do qual percebi que minha f\u00e9 era pequena para t\u00e3o grande miss\u00e3o. De volta a Viam\u00e3o conclui o curso de Filosofia e me tornei professor de Hist\u00f3ria e Filosofia para o Cient\u00edfico, Segundo Grau ou Ensino M\u00e9dio. Iniciei minha carreira em 1984, no extinto Territ\u00f3rio Federal de Roraima. Na cidade de Boa Vista nasceram minhas duas Filhas, a Fab\u00edola e depois a Fernanda. Em 1993 me transferi para Florian\u00f3polis para trabalhar na Escola T\u00e9cnica Federal de Santa Catarina, hoje, Instituto Federal de Educa\u00e7\u00e3o de Santa Catarina. Aqui criei e formei as minhas filhas, a primog\u00eanita m\u00e9dica e a ca\u00e7ula advogada. Aqui estou feliz com minha esposa ( \u00e0 35 anos). Me aposentei h\u00e1 cinco anos como Mestre em Educa\u00e7\u00e3o pela UNICAMPI\/SP. Meus feitos: educando jovens para uma cidadania consciente, al\u00e9m de meia d\u00fazia de marxistas.<\/p>\n<div id=\"attachment_128\" style=\"width: 435px\" class=\"wp-caption alignnone\"><a href=\"http:\/\/liceobr.com\/sb\/wp-content\/uploads\/2018\/02\/IMG-20171202-WA0015.jpg\"><img loading=\"lazy\" decoding=\"async\" aria-describedby=\"caption-attachment-128\" class=\"wp-image-128\" src=\"http:\/\/liceobr.com\/sb\/wp-content\/uploads\/2018\/02\/IMG-20171202-WA0015.jpg\" alt=\"\" width=\"425\" height=\"239\" \/><\/a><p id=\"caption-attachment-128\" class=\"wp-caption-text\">Eu sou testemunha da parceria dos dois, vieram de longe para ver os amigos na festa de 01\/12\/2017<\/p><\/div>\n<p>Minha saga: nasci em Sobradinho, RS, morei em Campo Novo, Braga, Palmeiras, Viam\u00e3o, Porto Alegre, Foz do Igua\u00e7u, PR, Boa Vista, RR e Florian\u00f3polis, SC. Mas n\u00e3o sei onde vou morrer.<br \/>\nAguardo sua visita na cidade mais bela do Brasil!<\/p>\n","protected":false},"excerpt":{"rendered":"<p>Para nos conhecermos melhor precisamos organizar os dados de cada um. a lista tem alguns telefones que n\u00e3o sei quem s\u00e3o depois tem o meu exemplo Adelar Appelt Ademar Andolhe Adir de Carli Alceu Balestrin Almiro da Silva Ant\u00f4nio Begnini &hellip; <a href=\"https:\/\/liceobr.com\/sb\/?page_id=8\">Continuar a ler <span class=\"meta-nav\">&rarr;<\/span><\/a><\/p>\n","protected":false},"author":1,"featured_media":0,"parent":0,"menu_order":0,"comment_status":"closed","ping_status":"closed","template":"","meta":{"footnotes":""},"class_list":["post-8","page","type-page","status-publish","hentry"],"_links":{"self":[{"href":"https:\/\/liceobr.com\/sb\/index.php?rest_route=\/wp\/v2\/pages\/8","targetHints":{"allow":["GET"]}}],"collection":[{"href":"https:\/\/liceobr.com\/sb\/index.php?rest_route=\/wp\/v2\/pages"}],"about":[{"href":"https:\/\/liceobr.com\/sb\/index.php?rest_route=\/wp\/v2\/types\/page"}],"author":[{"embeddable":true,"href":"https:\/\/liceobr.com\/sb\/index.php?rest_route=\/wp\/v2\/users\/1"}],"replies":[{"embeddable":true,"href":"https:\/\/liceobr.com\/sb\/index.php?rest_route=%2Fwp%2Fv2%2Fcomments&post=8"}],"version-history":[{"count":35,"href":"https:\/\/liceobr.com\/sb\/index.php?rest_route=\/wp\/v2\/pages\/8\/revisions"}],"predecessor-version":[{"id":149,"href":"https:\/\/liceobr.com\/sb\/index.php?rest_route=\/wp\/v2\/pages\/8\/revisions\/149"}],"wp:attachment":[{"href":"https:\/\/liceobr.com\/sb\/index.php?rest_route=%2Fwp%2Fv2%2Fmedia&parent=8"}],"curies":[{"name":"wp","href":"https:\/\/api.w.org\/{rel}","templated":true}]}}