{"id":97,"date":"2013-12-05T00:25:29","date_gmt":"2013-12-05T00:25:29","guid":{"rendered":"http:\/\/liceobr.com\/historia\/?page_id=97"},"modified":"2013-12-05T00:27:12","modified_gmt":"2013-12-05T00:27:12","slug":"4-ignez","status":"publish","type":"page","link":"https:\/\/liceobr.com\/historia\/?page_id=97","title":{"rendered":"4. Ignez"},"content":{"rendered":"<p><b>Ignez Piovesan.<\/b><\/p>\n<p>Nasceu em 29 de junho de 1930 em Bom Retiro. Foi batizada em 29 de junho de 1930, com os padrinhos Miguel Boesio e Madalena Revelante. Sua madrinha de crisma foi Rosa Girardello no ano de 1932.<\/p>\n<p>Conta sua Irma Thereza que quando Ign\u00eas nasceu foi uma festa, pois era a primeira menina depois de tr\u00eas homens, e seu pai inclusive passava p\u00f3 de arroz nela de t\u00e3o feliz que ficou.<\/p>\n<p>Estudou dois anos com Cezira Grotto Turra, quando tinha seis anos de idade,as aulas eram ministradas na resid\u00eancia da professora. Ap\u00f3s esse per\u00edodo estudou por tr\u00eas anos no col\u00e9gio das irm\u00e3s Palotinas.<\/p>\n<p>Ficou um tempo com a sua Nona Tereza em Nova Palma para estudar, por\u00e9m era muito pequena e s\u00f3 conseguiu ficar por uma semana, pois contava na \u00e9poca com apenas 8 anos de idade.<\/p>\n<p>Quando crian\u00e7a gostava de brincar com seus irm\u00e3os, de pega-pega e de matar morcegos. Lavava roupas, costurava, por ser a filha mulher mais velha tomava conta da casa quando sua m\u00e3e Elizabeth ia \u00e0 ro\u00e7a. Aos treze anos fez seu primeiro vestido, ela mesma costurou, com a m\u00e1quina de sua m\u00e3e, era um tecido xadrez e ela queria que os quadros do xadrez se acompanhassem, mas n\u00e3o conseguiu e o vestido ficou bicudo ent\u00e3o Ign\u00eas deu uma ajeitada e usou assim mesmo at\u00e9 por que naquela \u00e9poca n\u00e3o havia muitas condi\u00e7\u00f5es para comprar outro tecido.<\/p>\n<p>Ent\u00e3o aos 17 anos Elizabeth colocou Ign\u00eas para aprender\u00a0 a costurar com a Lucia Rossato todos os dias,\u00a0 aprendi a fazer camisas, bombachas , vestidos enfim de tudo um pouco, e assim ajudava a fazer as roupas da fam\u00edlia.<\/p>\n<p>Nos dias de chuva Ign\u00e8s acompanhada de suas irm\u00e3s e sua m\u00e3e Elizabete descascavam milho e enquanto faziam isso cantavam e sua m\u00e3e ensinava alguma musica nova desconhecidas para elas, musicas italianas que se canta em fam\u00edlia at\u00e9 os dias atuais.<\/p>\n<p>Foi filha de Maria e catequista.<\/p>\n<p>Seu namoro com Arlindo come\u00e7ou por sua iniciativa, e com o incentivo de suas amigas filhas de Isidoro Rossato. Numa festa mandou um Bilhete de t\u00f4mbola para Arlindo assinando seu nome, ent\u00e3o Arlindo viu aquela assinatura e foi pedir para Pio quem era, ent\u00e3o Pio todo envergonhado revelou que era sua irm\u00e3 ent\u00e3o Arlindo respondeu sim para Ign\u00eas.<\/p>\n<div id=\"attachment_99\" style=\"width: 265px\" class=\"wp-caption alignright\"><a href=\"http:\/\/liceobr.com\/historia\/wp-content\/uploads\/2013\/12\/ignez.jpg\"><img loading=\"lazy\" decoding=\"async\" aria-describedby=\"caption-attachment-99\" class=\"size-medium wp-image-99\" alt=\"Foto oficial do casamento\" src=\"http:\/\/liceobr.com\/historia\/wp-content\/uploads\/2013\/12\/ignez-255x300.jpg\" width=\"255\" height=\"300\" srcset=\"https:\/\/liceobr.com\/historia\/wp-content\/uploads\/2013\/12\/ignez-255x300.jpg 255w, https:\/\/liceobr.com\/historia\/wp-content\/uploads\/2013\/12\/ignez.jpg 600w\" sizes=\"(max-width: 255px) 100vw, 255px\" \/><\/a><p id=\"caption-attachment-99\" class=\"wp-caption-text\">Foto oficial do casamento<\/p><\/div>\n<p>Ign\u00eas tinha outros pretendentes, mas preferiu Arlindo por que ele era mais metido. Come\u00e7aram a namorar e certo dia ele pediu um tempo, ficaram separados por 15 dias. Ign\u00eas ficou muito preocupada, mas Pierina sua cunhada disse para que n\u00e3o se preocupasse que ele voltaria. Dito e feito 15 dias depois ele voltou e\u00a0 pediu Ign\u00eas em namoro e antes mesmo de casar trabalhou na casa de seu sogro plantando fumo, e Ign\u00eas nesta \u00e9poca ia levar a merenda na lavoura para ver seu amado.<\/p>\n<p>A merenda era mais caprichada: polenta brustulada, salame, queijo, fortaia as vezes tudo junto com cebola, ch\u00e1 de mate ( feito de erva mate), com a\u00e7\u00facar de cana.<\/p>\n<p>Casou-se em 17 de maio de 1952 com Arlindo Bell\u00e9.<\/p>\n","protected":false},"excerpt":{"rendered":"<p>Ignez Piovesan. Nasceu em 29 de junho de 1930 em Bom Retiro. Foi batizada em 29 de junho de 1930, com os padrinhos Miguel Boesio e Madalena Revelante. Sua madrinha de crisma foi Rosa Girardello no ano de 1932. Conta sua Irma Thereza que quando Ign\u00eas nasceu foi uma festa, pois era a primeira menina [&hellip;]<\/p>\n","protected":false},"author":1,"featured_media":0,"parent":0,"menu_order":0,"comment_status":"open","ping_status":"open","template":"","meta":{"footnotes":""},"class_list":["post-97","page","type-page","status-publish","hentry"],"_links":{"self":[{"href":"https:\/\/liceobr.com\/historia\/index.php?rest_route=\/wp\/v2\/pages\/97"}],"collection":[{"href":"https:\/\/liceobr.com\/historia\/index.php?rest_route=\/wp\/v2\/pages"}],"about":[{"href":"https:\/\/liceobr.com\/historia\/index.php?rest_route=\/wp\/v2\/types\/page"}],"author":[{"embeddable":true,"href":"https:\/\/liceobr.com\/historia\/index.php?rest_route=\/wp\/v2\/users\/1"}],"replies":[{"embeddable":true,"href":"https:\/\/liceobr.com\/historia\/index.php?rest_route=%2Fwp%2Fv2%2Fcomments&post=97"}],"version-history":[{"count":3,"href":"https:\/\/liceobr.com\/historia\/index.php?rest_route=\/wp\/v2\/pages\/97\/revisions"}],"predecessor-version":[{"id":101,"href":"https:\/\/liceobr.com\/historia\/index.php?rest_route=\/wp\/v2\/pages\/97\/revisions\/101"}],"wp:attachment":[{"href":"https:\/\/liceobr.com\/historia\/index.php?rest_route=%2Fwp%2Fv2%2Fmedia&parent=97"}],"curies":[{"name":"wp","href":"https:\/\/api.w.org\/{rel}","templated":true}]}}