{"id":119,"date":"2013-12-27T23:44:14","date_gmt":"2013-12-27T23:44:14","guid":{"rendered":"http:\/\/liceobr.com\/historia\/?page_id=119"},"modified":"2013-12-28T00:34:54","modified_gmt":"2013-12-28T00:34:54","slug":"8-maria","status":"publish","type":"page","link":"https:\/\/liceobr.com\/historia\/?page_id=119","title":{"rendered":"8.Maria"},"content":{"rendered":"<p><b>Maria Piovesan.<\/b><\/p>\n<p>Nasceu em 24 de maio de 1941 no Bom Retiro. Foi batizada em 25 de maio de 1941 sendo seus padrinhos Jo\u00e3o e Virginia Rossato. Foi crismada no ano de 1942, sendo sua madrinha\u00a0 Angelina Marzari Binotto.<\/p>\n<p>Chegou a \u00e9poca de a Maria vir aumentar a prole, quase tr\u00eas anos depois da Eul\u00e1lia. Delas duas, ap\u00f3s eu, lembro de que eu ajudava a cuidar segurando no colo e cantar enquanto balan\u00e7ava a (cama) ber\u00e7o de madeira que papai fez pra n\u00f3s, quando de manh\u00e3 e \u00e0 noite mam\u00e3e juntava as\u00a0 m\u00e3ozinhas\u00a0 e rezava por n\u00f3s. Isto n\u00e3o se esquece\u00a0 jamais. (Thereza Piovesan)<\/p>\n<div id=\"attachment_132\" style=\"width: 261px\" class=\"wp-caption alignright\"><a href=\"http:\/\/liceobr.com\/historia\/wp-content\/uploads\/2013\/12\/maria.jpg\"><img loading=\"lazy\" decoding=\"async\" aria-describedby=\"caption-attachment-132\" class=\"size-medium wp-image-132\" alt=\"Maria no dia do casamento do irm\u00e3o Achiles\" src=\"http:\/\/liceobr.com\/historia\/wp-content\/uploads\/2013\/12\/maria-251x300.jpg\" width=\"251\" height=\"300\" srcset=\"https:\/\/liceobr.com\/historia\/wp-content\/uploads\/2013\/12\/maria-251x300.jpg 251w, https:\/\/liceobr.com\/historia\/wp-content\/uploads\/2013\/12\/maria.jpg 800w\" sizes=\"(max-width: 251px) 100vw, 251px\" \/><\/a><p id=\"caption-attachment-132\" class=\"wp-caption-text\">Maria no dia do casamento do irm\u00e3o Achiles<\/p><\/div>\n<p>Estudou na escolinha de bom retiro aos 8 anos foi morar com seu irm\u00e3o Achiles na usina Franciscana, onde ficou por mais ou menos uns 3 anos, as meninas s\u00f3\u00a0 usavam vestidos e tamancos , no inverno precisavam fazer um fogo para aquecer as m\u00e3os para poder escrever. Para estudar como n\u00e3o havia ponte e quando Maria estava gripada,\u00a0 seu irm\u00e3o Achiles passava com ela nas costas at\u00e9 o outro lado, pois a \u00e1gua era muito fria e ela ia pra aula e na volta ela passava sozinha, pois a \u00e1gua era mais quente.<\/p>\n<p>Na casa de seu irm\u00e3o Achiles levava comida na ro\u00e7a, ajudava sua cunhada\u00a0 Pierina que na \u00e9poca estava gr\u00e1vida e fazia os servi\u00e7os em casa, e depois cuidou dos sobrinhos Ant\u00f4nio e Mariazinha (falecida). Depois disso trabalhou tamb\u00e9m na casa de Ricardo Piovesan quando sua esposa teve a filha Ana Gloria e tamb\u00e9m na casa de \u00c2ngelo e C\u00e2ndida Binotto cuidando da filha Salete e na casa de Olanda e Benjamim Piovesan, numa ocasi\u00e3o em que Olanda teve hemorragia e n\u00e3o podia\u00a0 fazer esfor\u00e7o f\u00edsico.<\/p>\n<p>Foi catequista por muitos anos, na \u00e9poca n\u00e3o tinha sala ent\u00e3o a catequese era na casa de Ricardo Binotto.<\/p>\n<p>O namoro com David\u00a0 Pegoraro\u00a0 teve inicio quando este com a desculpa de visitar sua Irma Clementina a qual era casada com Pio, aparecia e as vezes ia na missa e acompanhava at\u00e9 na casa de seu pai, puxando o cavalo. Ent\u00e3o certo dia a ele se encheu de coragem e pediu para o nono se poderia namorar e o nono disse que sim, mas com muito respeito e se tivesse algum problema que falasse com ele. Segundo Ant\u00f4nio neste dia, David encheu os olhos de l\u00e1grimas.<\/p>\n<p>Na \u00e9poca de Namoro ela ganhava as balas do namorado Davide\u00a0 e ent\u00e3o ela guardava e dava para seus sobrinhos durante a semana, pois naquela \u00e9poca n\u00e3o tinha dinheiro para comprar balas, era uma festa.<\/p>\n<p>Casou-se com David Pegoraro (filho de Pedro e Rosa Am\u00e1bile Pegoraro) em 15 de setembro de 1962. O casamento aconteceu em Nova Palma e a festa na casa de sua sogra, onde foi morar ap\u00f3s o casamento. Com Maria havia ajudado a criar muitos de seus sobrinhos, logo ap\u00f3s ter casado chorava muito a falta de\u00a0 seus sobrinhos ent\u00e3o Davide sempre dava um jeito para que ela fosse visit\u00e1-los.<\/p>\n<p>Tiveram sete filhos todos vivos sendo eles: Monica, Regina, Josete, Regiane, Ros\u00e1lia, Elisa e por ultimo Daniel.<\/p>\n<p>David sofreu um acidente Em 09 de agosto 1976, onde uma tora caiu sobre ele, foi levado para o Hospital na carroceria de uma camionete com a tia segurando a cabe\u00e7a dele. Chegando a Nova Palma disse que ele teria que ir at\u00e9 o hospital de P\u00f4lesine para tirar uma radiografia, a viagem foi muito dif\u00edcil, pois era um dia frio e chuvoso e n\u00e3o havia asfalto na estrada. Em Pol\u00easine descobriram que a maquina de tirar raios-X estava queimada, teriam que ir para Santa Maria. Em Pol\u00easine deram para ele um rem\u00e9dio para dor e conseguiram uma Kombi para seguirem viagem. Chegando a santa Maria fizeram exames e, fizeram cirurgia onde\u00a0 foi constatado que ele havia fraturado 6 v\u00e9rtebras e havia vazado o liquido da coluna e com isso ele ficaria parapl\u00e9gico, ficou acamado\u00a0 por 6 anos, nunca perdendo a esperan\u00e7a de caminhar.<\/p>\n<p>Veja tamb\u00e9m: <a title=\"Tio David em Porto Alegre\" href=\"http:\/\/liceobr.com\/historia\/?p=33\">Tio David em Porto Alegre<\/a><\/p>\n","protected":false},"excerpt":{"rendered":"<p>Maria Piovesan. Nasceu em 24 de maio de 1941 no Bom Retiro. Foi batizada em 25 de maio de 1941 sendo seus padrinhos Jo\u00e3o e Virginia Rossato. Foi crismada no ano de 1942, sendo sua madrinha\u00a0 Angelina Marzari Binotto. Chegou a \u00e9poca de a Maria vir aumentar a prole, quase tr\u00eas anos depois da Eul\u00e1lia. [&hellip;]<\/p>\n","protected":false},"author":1,"featured_media":0,"parent":0,"menu_order":0,"comment_status":"open","ping_status":"open","template":"","meta":{"footnotes":""},"class_list":["post-119","page","type-page","status-publish","hentry"],"_links":{"self":[{"href":"https:\/\/liceobr.com\/historia\/index.php?rest_route=\/wp\/v2\/pages\/119"}],"collection":[{"href":"https:\/\/liceobr.com\/historia\/index.php?rest_route=\/wp\/v2\/pages"}],"about":[{"href":"https:\/\/liceobr.com\/historia\/index.php?rest_route=\/wp\/v2\/types\/page"}],"author":[{"embeddable":true,"href":"https:\/\/liceobr.com\/historia\/index.php?rest_route=\/wp\/v2\/users\/1"}],"replies":[{"embeddable":true,"href":"https:\/\/liceobr.com\/historia\/index.php?rest_route=%2Fwp%2Fv2%2Fcomments&post=119"}],"version-history":[{"count":3,"href":"https:\/\/liceobr.com\/historia\/index.php?rest_route=\/wp\/v2\/pages\/119\/revisions"}],"predecessor-version":[{"id":131,"href":"https:\/\/liceobr.com\/historia\/index.php?rest_route=\/wp\/v2\/pages\/119\/revisions\/131"}],"wp:attachment":[{"href":"https:\/\/liceobr.com\/historia\/index.php?rest_route=%2Fwp%2Fv2%2Fmedia&parent=119"}],"curies":[{"name":"wp","href":"https:\/\/api.w.org\/{rel}","templated":true}]}}