{"id":113,"date":"2013-12-27T23:19:10","date_gmt":"2013-12-27T23:19:10","guid":{"rendered":"http:\/\/liceobr.com\/historia\/?page_id=113"},"modified":"2013-12-27T23:19:10","modified_gmt":"2013-12-27T23:19:10","slug":"7-eulalia","status":"publish","type":"page","link":"https:\/\/liceobr.com\/historia\/?page_id=113","title":{"rendered":"7.Eul\u00e1lia"},"content":{"rendered":"<p>Eul\u00e1lia Piovesan.<br \/>\nNasceu em 03 de dezembro de 1938 em Bom Retiro, Foi batizada em quatro de dezembro 1938 sendo seus padrinhos Jo\u00e3o Luis Piovesan e Luisa Zanon. E sua madrinha de crisma Domingas Binotto.<br \/>\nCom a morte de Ana menina que durou apenas dois dias Elizabeth engravidou novamente e ent\u00e3o ficavam as preocupa\u00e7\u00f5es: \u201cDepois de outros dois anos nasceu a Eul\u00e1lia, pequena flor esperada com gosto e expectativa: -Ser\u00e1 que vai crescer?\u201d que seja tudo da vontade de Deus&#8230; E como cresceu em diferentes aspectos, para alegria de muita gente, fam\u00edlia e vizinhos e isto \u00e9 at\u00e9 hoje. (Thereza Piovesan)<br \/>\nEstudou at\u00e9 o 5\u00b0 ano, sua primeira professora foi Rita Rossato e no \u00faltimo ano seu irm\u00e3o Pio.<br \/>\nOs brinquedos geralmente eram confeccionados com carret\u00e9is de linha, bonecas era uma espiga de milho, brincavam tamb\u00e9m de \u201ccinco marias\u201d com pedrinhas que juntavam perto do rio.<br \/>\nSeu professor de catequese tamb\u00e9m foi seu irm\u00e3o Pio.<br \/>\nFez a sua primeira comunh\u00e3o aos 12 anos nesta ocasi\u00e3o foi confeccionado um vestido branco o qual usou por muitos anos, mesmo quando ela estava maior e n\u00e3o fechava na frente colocava uma blusa por cima. Nesta \u00e9poca Maria sua irm\u00e3 ganhou uma sand\u00e1lia onde as duas usavam a mesma sand\u00e1lia n\u00e3o podiam sair no mesmo dia.<br \/>\nO seu namoro com Argemiro teve in\u00edcio em 15 de agosto de 1958 numa festa de Assun\u00e7\u00e3o de Nossa Senhora, nesse dia o Algemiro mandou um bilhete de t\u00f4mbola escrito o seguinte, &#8211; Aceita este bilhete, e assinou, e a Eul\u00e1lia respondeu o bilhete dizendo \u2013 Aceito, e assinou, e deste dia em diante come\u00e7aram a conversar e Algemiro pediu para Antonio se podia namorar segundo Ant\u00f4nio, neste dia Algemiro ficou meio nervoso e gaguejou para fazer o pedido, mas no final deu tudo certo. (esperem uma hist\u00f3ria do Leonildo sobre isso, voc\u00eas v\u00e3o gostar) O namoro era diferente dos dias atuais, numa ocasi\u00e3o em que foram em uma turma no cinema na cidade, e Eul\u00e1lia e Algemiro j\u00e1 eram noivos, este pegou na m\u00e3o pela primeira vez e est\u00e1 n\u00e3o sabendo como fazer para largar, pois era errado segundo sua educa\u00e7\u00e3o, fez de conta que tinha uma po\u00e7a de \u00e1gua na estrada pulou e largou a m\u00e3o n\u00e3o deixando mais ele pegar.<\/p>\n<div id=\"attachment_116\" style=\"width: 271px\" class=\"wp-caption alignright\"><a href=\"http:\/\/liceobr.com\/historia\/wp-content\/uploads\/2013\/12\/Eulalia.jpg\"><img loading=\"lazy\" decoding=\"async\" aria-describedby=\"caption-attachment-116\" class=\"size-medium wp-image-116\" alt=\"Tia Eul\u00e1lia\" src=\"http:\/\/liceobr.com\/historia\/wp-content\/uploads\/2013\/12\/Eulalia-261x300.jpg\" width=\"261\" height=\"300\" srcset=\"https:\/\/liceobr.com\/historia\/wp-content\/uploads\/2013\/12\/Eulalia-261x300.jpg 261w, https:\/\/liceobr.com\/historia\/wp-content\/uploads\/2013\/12\/Eulalia.jpg 603w\" sizes=\"(max-width: 261px) 100vw, 261px\" \/><\/a><p id=\"caption-attachment-116\" class=\"wp-caption-text\">Tia Eul\u00e1lia<\/p><\/div>\n<p>Quando faltava um m\u00eas para o casamento, se fazia a anuncio na igreja por tr\u00eas domingos seguidos, ent\u00e3o o namoro era mais s\u00e9rio e podia-se pegar na m\u00e3o. Fizeram curso de noivos um dia antes de casar.<br \/>\nCasou-se com Algemiro Vestena, filho de Albino Vestena e Ger\u00e2nia Bertoldo, em 11 de fevereiro de 1961. A cerim\u00f4nia foi na igreja de Nova Palma e a festa na casa onde residem at\u00e9 hoje. Seu vestido foi confeccionado por Ant\u00f4nia Piccin. Eul\u00e1lia foi at\u00e9 a igreja no jipe de Albino Zanon. Seus padrinhos de casamento foram: Arlindo Bell\u00e9 e Ign\u00eas Piovesan, Davide Pegoraro e Maria Piovesan, Euclides Vestena e Tereza Rossato e Angelim Piggato e esposa.<br \/>\nE tem mais hist\u00f3ria vindo por a\u00ed&#8230;<\/p>\n","protected":false},"excerpt":{"rendered":"<p>Eul\u00e1lia Piovesan. Nasceu em 03 de dezembro de 1938 em Bom Retiro, Foi batizada em quatro de dezembro 1938 sendo seus padrinhos Jo\u00e3o Luis Piovesan e Luisa Zanon. E sua madrinha de crisma Domingas Binotto. Com a morte de Ana menina que durou apenas dois dias Elizabeth engravidou novamente e ent\u00e3o ficavam as preocupa\u00e7\u00f5es: \u201cDepois [&hellip;]<\/p>\n","protected":false},"author":1,"featured_media":0,"parent":0,"menu_order":0,"comment_status":"open","ping_status":"open","template":"","meta":{"footnotes":""},"class_list":["post-113","page","type-page","status-publish","hentry"],"_links":{"self":[{"href":"https:\/\/liceobr.com\/historia\/index.php?rest_route=\/wp\/v2\/pages\/113"}],"collection":[{"href":"https:\/\/liceobr.com\/historia\/index.php?rest_route=\/wp\/v2\/pages"}],"about":[{"href":"https:\/\/liceobr.com\/historia\/index.php?rest_route=\/wp\/v2\/types\/page"}],"author":[{"embeddable":true,"href":"https:\/\/liceobr.com\/historia\/index.php?rest_route=\/wp\/v2\/users\/1"}],"replies":[{"embeddable":true,"href":"https:\/\/liceobr.com\/historia\/index.php?rest_route=%2Fwp%2Fv2%2Fcomments&post=113"}],"version-history":[{"count":3,"href":"https:\/\/liceobr.com\/historia\/index.php?rest_route=\/wp\/v2\/pages\/113\/revisions"}],"predecessor-version":[{"id":118,"href":"https:\/\/liceobr.com\/historia\/index.php?rest_route=\/wp\/v2\/pages\/113\/revisions\/118"}],"wp:attachment":[{"href":"https:\/\/liceobr.com\/historia\/index.php?rest_route=%2Fwp%2Fv2%2Fmedia&parent=113"}],"curies":[{"name":"wp","href":"https:\/\/api.w.org\/{rel}","templated":true}]}}