{"id":108,"date":"2013-12-27T00:50:11","date_gmt":"2013-12-27T00:50:11","guid":{"rendered":"http:\/\/liceobr.com\/historia\/?page_id=108"},"modified":"2013-12-27T23:11:46","modified_gmt":"2013-12-27T23:11:46","slug":"6-thereza","status":"publish","type":"page","link":"https:\/\/liceobr.com\/historia\/?page_id=108","title":{"rendered":"6.Thereza"},"content":{"rendered":"<p>Thereza Piovesan.<br \/>\nNasceu em 09 de novembro de 1934 em Bom Retiro. Foi batizada 09 de novembro de 1934 tendo como padrinhos de batismo At\u00edlio Zanon e Am\u00e9lia Bisognim. E sua madrinha de crisma foi Luiza Zanon.<\/p>\n<div id=\"attachment_111\" style=\"width: 248px\" class=\"wp-caption alignleft\"><a href=\"http:\/\/liceobr.com\/historia\/wp-content\/uploads\/2013\/12\/teresatia.jpg\"><img loading=\"lazy\" decoding=\"async\" aria-describedby=\"caption-attachment-111\" class=\"size-medium wp-image-111\" alt=\"Irm\u00e3 Thereza Piovesan\" src=\"http:\/\/liceobr.com\/historia\/wp-content\/uploads\/2013\/12\/teresatia-238x300.jpg\" width=\"238\" height=\"300\" srcset=\"https:\/\/liceobr.com\/historia\/wp-content\/uploads\/2013\/12\/teresatia-238x300.jpg 238w, https:\/\/liceobr.com\/historia\/wp-content\/uploads\/2013\/12\/teresatia.jpg 600w\" sizes=\"(max-width: 238px) 100vw, 238px\" \/><\/a><p id=\"caption-attachment-111\" class=\"wp-caption-text\">Irm\u00e3 Thereza Piovesan<\/p><\/div>\n<p>Thereza. Nasceu ao clarear do dia 9\/11\/1934- tempos de colher trigo, limpar as lavouras de milho e feij\u00e3o, etc. A mana Ign\u00eas diziam, para me aporrinhar, que eu tinha uma carrinha redonda como um repolho era bonita s\u00f3 quando nen\u00ea- \u201cBeli em fassa e brutti in piassa\u201d- entenda essas crian\u00e7as! A situa\u00e7\u00e3o financeira, nesta \u00e9poca era critica: Dividas e juros a pagar pr\u00e1 relatar: Morreu um dos bois de canga, fugiu e comeu uma planta venenosa! E todo o trigo pra trazer pra dentro, lavrar as \u201cresteve\u201d (onde fora colhido o trigo e plantar fumo etc.(isso mam\u00e3e contava), mas eu n\u00e3o me lembro. Por exemplo, neste mesmo dia 9 \u00e1 tarde, a Ign\u00eas e papai, me levaram para ser batizada na Igreja Sant\u00edssima Trindade, sendo meus padrinhos os tios Joanim e Luisa Piovesan e o Pe. Jo\u00e3o Zanella me acolheu e batizou em nome da igreja \u2013 papai estava feliz porque n\u00e3o queria crian\u00e7a pag\u00e3 em casa -era a mentalidade e piedade da \u00e9poca. De t\u00e3o contente comprou duzentos reis de doces para os que estavam em casa.<br \/>\nFoi \u00e0 escola pela primeira vez, em um col\u00e9gio que se localizava onde est\u00e1 hoje a \u00f3tica do Cerezer sendo a professora Irm\u00e3 Natalina, ela gostava de levar os alunos na Igreja antes de come\u00e7ar a aula, e l\u00e1 a gente as vezes encontrava o Pe. Jo\u00e3o Zanella que parava e conversava conosco, a professora ent\u00e3o ensinou aos alunos a saud\u00e1-lo em latim: Sai lodatto Jesu Crhisto! E os alunos respondiam Para sempre sai lodatto!<br \/>\nA professora fazia quest\u00e3o de ensinar os alunos individualmente em suas classes ensinando e fazendo carinho. Uma vez por semana cantava o hino nacional, hino da Bandeira e desfilavam no dia 7 de setembro.<br \/>\nNo segundo ano la pelos anos de 1942, foi estudar na escola da Cezira Grotto Turra que se localizava na Linha Um, comunidade do interior de Nova Palma, neste local estudavam mais ou menos 12 alunos. No recreio ela ensinava musica como: Marcha soldado, Ciranda cirandinha, eu sou pobre&#8230; pobre. etc.<br \/>\nEstudou ent\u00e3o na 3\u00b0 e 4\u00b0 ano na escolinha do Bom Retiro sendo sua professora Rita Rossato. Por\u00e9m quando passou do quarto ano n\u00e3o havia mais o que estudar ent\u00e3o ele deveria ficar em casa, com apenas 10 ou 11 anos. Ent\u00e3o Thereza n\u00e3o querendo ficar em casa sem estudar falou com sua m\u00e3e e ela falou com a professora. A professora disse que a \u00fanica alternativa era ela voltar para tr\u00e1s, para o 3\u00b0 ano de novo. Ent\u00e3o Thereza aceitou, pois ela disse que n\u00e3o se importava de voltar para tr\u00e1s desde que fosse para escola. E al\u00e9m de estudar ela come\u00e7ou a ajudar a professora no que fosse preciso. Terminou de novo ent\u00e3o ficou em casa e come\u00e7ou a se dedicar a leitura de livros que pegava emprestado na casa can\u00f4nica, sempre escolhia o mais grosso para demorar a acabar.<br \/>\nGostava de cantar na Igreja. Numa prociss\u00e3o do Sant\u00edssimo todo 3\u00b0 domingo do m\u00eas, Thereza e Abel que eram crian\u00e7as, iam juntos com a prociss\u00e3o e cantavam, numa destas ocasi\u00f5es um Pigatto, deu para Ant\u00f4nio duas moedas para as crian\u00e7as como reconhecimento e incentivo.<br \/>\nQuem ensinou o catecismo para Thereza foi sua m\u00e3e, e depois o Pe. Jo\u00e3o Zanella, duas semanas antes de passar a 1\u00b0 comunh\u00e3o. Abel e Thereza faziam disputas para ver quem aprendia primeiro o catecismo e estud\u00e1vamos em cima da carro\u00e7a ou em cima das \u00e1rvores e depois tomavam um \u00e0 li\u00e7\u00e3o do outro.<br \/>\nAlgumas das suas colegas de aula foram: Rosalina Zanon, Alzira Vestena, Olinda Vestena, Nilda Vestena, Ot\u00e1vio Zanon, Aduilho Canzian, Neli Rossato etc.<br \/>\nFoi Filha de Maria, come\u00e7ou contava mais ou menos com 15 anos, rezava o oficio de Nossa Senhora e quando tinha prociss\u00e3o usavam um vestido branco. Teve uma \u00e9poca em que as filhas de Maria n\u00e3o podiam dan\u00e7ar, e numa festa em fam\u00edlia Thereza e Ign\u00eas dan\u00e7aram e algu\u00e9m comunicou ao Padre, este ent\u00e3o excluiu elas do grupo e seu nome foi dito na reuni\u00e3o que acontecia dentro da igreja. Pio n\u00e3o se conformou com a expuls\u00e3o de suas irm\u00e3s foi falar com o padre e este disse \u201cse eu soubesse que elas eram suas irm\u00e3s n\u00e3o as teria expulsado\u201d.<br \/>\nAos 21 anos em meados de 1955, algumas amigas como a Iracema Piovesan, Neli Rossato entre outras convidaram Thereza para retornar para o grupo das Filhas de Maria, pois era v\u00e9spera de 15 de agosto. Ent\u00e3o falaram com o padre e este concordou com sua volta, como ela n\u00e3o tinha roupa branca para vestir as amigas emprestaram uma saia preguiada e uma blusa. Assim no dia 15 de agosto ela recebeu novamente a fita de Filha de Maria. Passado alguns meses houve uma elei\u00e7\u00e3o para nova diret\u00f3ria e Thereza ganhou em 2\u00b0 lugar, o primeiro foi da filha de seu Isidoro Rossatto, ent\u00e3o em mar\u00e7o ele resolveu entrar para a Congrega\u00e7\u00e3o das Irmas Palotinas, ficando Thereza como presidente. Passando 2 anos nova elei\u00e7\u00e3o e foi reeleita. Certa vez, conversando com Pe. Luizinho e dizendo que uma exclu\u00edda era presidente e ele falou: Fique tranq\u00fcila fa\u00e7a o que \u00e9 melhor, e a hist\u00f3ria mostrar\u00e1 quem \u00e9 voc\u00ea e onde est\u00e1 a verdade. Thereza permaneceu na dire\u00e7\u00e3o at\u00e9 a entrada para a congrega\u00e7\u00e3o das Irm\u00e3s do Imaculado Cora\u00e7\u00e3o de Maria, em Gramado, no ano de 1960.<br \/>\nPe. Luizinho achava que Thereza deveria ficar em Nova Palma. Sem ela perceber se tornou o bra\u00e7o direito dele, pois ajudavam na catequese, cantos e como filha de Maria e os anos iam passando&#8230; Um dia Ign\u00eas falou: Tu n\u00e3o acha que o Pe. Luizinho diz que tu n\u00e3o tens voca\u00e7\u00e3o porque ele tem medo que tu v\u00e1 embora de Nova Palma e ele n\u00e3o tenha mais quem o ajude?<br \/>\nLogo depois veio para Nova Palma, o Pe. Afonso Correa, e Thereza resolveu conversar com ele sobre suas d\u00favidas. Pois sentia um vazio e uma indecis\u00e3o dentro dela. O Pe. Disse para ela o que tu ainda est\u00e1 fazendo aqui que n\u00e3o tinha ido ser irm\u00e3? Pois desde que ele havia visto ela pensou est\u00e1 mo\u00e7a j\u00e1 devia ser freira.<\/p>\n<div id=\"attachment_110\" style=\"width: 310px\" class=\"wp-caption alignright\"><a href=\"http:\/\/liceobr.com\/historia\/wp-content\/uploads\/2013\/12\/TeresaFamilia.jpg\"><img loading=\"lazy\" decoding=\"async\" aria-describedby=\"caption-attachment-110\" class=\"size-medium wp-image-110\" alt=\"Fam\u00edlia &quot;Toni Torccio&quot; no dia da primeira profiss\u00e3o religiosa de Trereza. Da esquerda para a direita: Maria, Odila, Achiles, Antonio, Pio, Thereza, Lino, Elizabeth, Abel, Eul\u00e1lia e Ignes.\" src=\"http:\/\/liceobr.com\/historia\/wp-content\/uploads\/2013\/12\/TeresaFamilia-300x198.jpg\" width=\"300\" height=\"198\" srcset=\"https:\/\/liceobr.com\/historia\/wp-content\/uploads\/2013\/12\/TeresaFamilia-300x198.jpg 300w, https:\/\/liceobr.com\/historia\/wp-content\/uploads\/2013\/12\/TeresaFamilia.jpg 990w\" sizes=\"(max-width: 300px) 100vw, 300px\" \/><\/a><p id=\"caption-attachment-110\" class=\"wp-caption-text\">Fam\u00edlia &#8220;Toni Torccio&#8221; no dia da primeira profiss\u00e3o religiosa de Trereza. Da esquerda para a direita: Maria, Odila, Achiles, Antonio, Pio, Thereza, Lino, Elizabeth, Abel, Eul\u00e1lia e Ignes.<\/p><\/div>\n<p>Aos 22 anos o Achiles falou assim: \u201co que tu vai ser na tua vida? Uma solteirona? E Thereza respondeu: Tu vai ver o que eu vou ser. E ele disse, mas o que tu vai ser? Ela disse: Ora eu vou ser freira. Ent\u00e3o Achiles prometeu que: \u201cSe te v\u00ea m\u00f4nega mi te pago el h\u00e1bito\u201d- respondeu: Pode guardar o dinheiro! Chegando a \u00e9poca de sair do noviciado e fazer os votos, ele foi at\u00e9 Porto Alegre e levou a quantia necess\u00e1ria para pagar o h\u00e1bito Religioso e fez quest\u00e3o de estar presente em Vale Veneto na minha vesti\u00e7\u00e3o, no dia 31 de julho de 1965.<\/p>\n","protected":false},"excerpt":{"rendered":"<p>Thereza Piovesan. Nasceu em 09 de novembro de 1934 em Bom Retiro. Foi batizada 09 de novembro de 1934 tendo como padrinhos de batismo At\u00edlio Zanon e Am\u00e9lia Bisognim. E sua madrinha de crisma foi Luiza Zanon. Thereza. Nasceu ao clarear do dia 9\/11\/1934- tempos de colher trigo, limpar as lavouras de milho e feij\u00e3o, [&hellip;]<\/p>\n","protected":false},"author":1,"featured_media":0,"parent":0,"menu_order":0,"comment_status":"open","ping_status":"open","template":"","meta":{"footnotes":""},"class_list":["post-108","page","type-page","status-publish","hentry"],"_links":{"self":[{"href":"https:\/\/liceobr.com\/historia\/index.php?rest_route=\/wp\/v2\/pages\/108"}],"collection":[{"href":"https:\/\/liceobr.com\/historia\/index.php?rest_route=\/wp\/v2\/pages"}],"about":[{"href":"https:\/\/liceobr.com\/historia\/index.php?rest_route=\/wp\/v2\/types\/page"}],"author":[{"embeddable":true,"href":"https:\/\/liceobr.com\/historia\/index.php?rest_route=\/wp\/v2\/users\/1"}],"replies":[{"embeddable":true,"href":"https:\/\/liceobr.com\/historia\/index.php?rest_route=%2Fwp%2Fv2%2Fcomments&post=108"}],"version-history":[{"count":3,"href":"https:\/\/liceobr.com\/historia\/index.php?rest_route=\/wp\/v2\/pages\/108\/revisions"}],"predecessor-version":[{"id":115,"href":"https:\/\/liceobr.com\/historia\/index.php?rest_route=\/wp\/v2\/pages\/108\/revisions\/115"}],"wp:attachment":[{"href":"https:\/\/liceobr.com\/historia\/index.php?rest_route=%2Fwp%2Fv2%2Fmedia&parent=108"}],"curies":[{"name":"wp","href":"https:\/\/api.w.org\/{rel}","templated":true}]}}